{"id":56,"date":"2017-10-21T02:39:23","date_gmt":"2017-10-21T02:39:23","guid":{"rendered":"http:\/\/master.fundacionginer.org\/master\/?page_id=56"},"modified":"2022-03-02T14:28:30","modified_gmt":"2022-03-02T13:28:30","slug":"a-quien-se-dirige","status":"publish","type":"page","link":"https:\/\/master.fundacionginer.org\/master\/a-quien-se-dirige\/","title":{"rendered":"A qui\u00e9n se dirige"},"content":{"rendered":"<p><div class=\"fusion-fullwidth fullwidth-box fusion-builder-row-1 nonhundred-percent-fullwidth non-hundred-percent-height-scrolling\" style=\"--awb-border-radius-top-left:0px;--awb-border-radius-top-right:0px;--awb-border-radius-bottom-right:0px;--awb-border-radius-bottom-left:0px;--awb-margin-top:30px;--awb-flex-wrap:wrap;\" ><div class=\"fusion-builder-row fusion-row\"><div class=\"fusion-layout-column fusion_builder_column fusion-builder-column-0 fusion_builder_column_1_1 1_1 fusion-one-full fusion-column-first fusion-column-last\" style=\"--awb-bg-size:cover;\"><div class=\"fusion-column-wrapper fusion-flex-column-wrapper-legacy\"><div class=\"fusion-title title fusion-title-1 fusion-sep-none fusion-title-center fusion-title-text fusion-title-size-two\" style=\"--awb-text-color:#a00419;\"><h2 class=\"fusion-title-heading title-heading-center fusion-responsive-typography-calculated\" style=\"margin:0;--fontSize:38;line-height:1.3;\">El programa\u00a0<strong>se dirige<\/strong> a<\/h2><\/div><div class=\"fusion-sep-clear\"><\/div><div class=\"fusion-separator\" style=\"margin-left: auto;margin-right: auto;width:100%;max-width:15%;\"><div class=\"fusion-separator-border sep-single sep-solid\" style=\"--awb-height:20px;--awb-amount:20px;--awb-sep-color:#0a0909;border-color:#0a0909;border-top-width:4px;\"><\/div><\/div><div class=\"fusion-sep-clear\"><\/div><div class=\"fusion-clearfix\"><\/div><\/div><\/div><\/div><\/div><div class=\"fusion-fullwidth fullwidth-box fusion-builder-row-2 nonhundred-percent-fullwidth non-hundred-percent-height-scrolling fusion-equal-height-columns\" style=\"--awb-background-position:left top;--awb-border-sizes-top:0px;--awb-border-sizes-bottom:0px;--awb-border-sizes-left:0px;--awb-border-sizes-right:0px;--awb-border-radius-top-left:0px;--awb-border-radius-top-right:0px;--awb-border-radius-bottom-right:0px;--awb-border-radius-bottom-left:0px;--awb-margin-bottom:50px;--awb-flex-wrap:wrap;\" ><div class=\"fusion-builder-row fusion-row\"><div class=\"fusion-layout-column fusion_builder_column fusion-builder-column-1 fusion_builder_column_1_2 1_2 fusion-one-half fusion-column-first\" style=\"--awb-bg-size:cover;--awb-margin-top:20px;width:50%;width:calc(50% - ( ( 9% ) * 0.5 ) );margin-right: 9%;\"><div class=\"fusion-column-wrapper fusion-flex-column-wrapper-legacy\"><div class=\"fusion-column-content-centered\"><div class=\"fusion-column-content\"><ul style=\"--awb-line-height:30.6px;--awb-icon-width:30.6px;--awb-icon-height:30.6px;--awb-icon-margin:12.6px;--awb-content-margin:43.2px;--awb-circlecolor:#a00419;--awb-circle-yes-font-size:15.84px;\" class=\"fusion-checklist fusion-checklist-1 fusion-checklist-default type-icons\"><li class=\"fusion-li-item\" style=\"\"><span class=\"icon-wrapper circle-yes\"><i class=\"fusion-li-icon awb-icon-check\" aria-hidden=\"true\"><\/i><\/span><div class=\"fusion-li-item-content\">\n<p>Las <b>graduadas\/os<\/b> en las Facultades de Educaci\u00f3n o Escuelas de Formaci\u00f3n del Profesorado.<\/p>\n<\/div><\/li><li class=\"fusion-li-item\" style=\"\"><span class=\"icon-wrapper circle-yes\"><i class=\"fusion-li-icon awb-icon-check\" aria-hidden=\"true\"><\/i><\/span><div class=\"fusion-li-item-content\">\n<p>Las <b>maestras\/os<\/b> de infantil y primaria.<\/p>\n<\/div><\/li><li class=\"fusion-li-item\" style=\"\"><span class=\"icon-wrapper circle-yes\"><i class=\"fusion-li-icon awb-icon-check\" aria-hidden=\"true\"><\/i><\/span><div class=\"fusion-li-item-content\">\n<p>El <b>profesorado<\/b> de Educaci\u00f3n Secundaria Obligatoria, Bachillerato, Formaci\u00f3n Profesional, y Ense\u00f1anza de Idiomas.<\/p>\n<\/div><\/li><li class=\"fusion-li-item\" style=\"\"><span class=\"icon-wrapper circle-yes\"><i class=\"fusion-li-icon awb-icon-check\" aria-hidden=\"true\"><\/i><\/span><div class=\"fusion-li-item-content\">\n<p>El profesorado <b>universitario<\/b>.<\/p>\n<\/div><\/li><li class=\"fusion-li-item\" style=\"\"><span class=\"icon-wrapper circle-yes\"><i class=\"fusion-li-icon awb-icon-check\" aria-hidden=\"true\"><\/i><\/span><div class=\"fusion-li-item-content\">\n<p>Cualquier persona <b>titulada universitaria<\/b> que quiera ejercer la docencia en cualquier nivel educativo.<\/p>\n<\/div><\/li><li class=\"fusion-li-item\" style=\"\"><span class=\"icon-wrapper circle-yes\"><i class=\"fusion-li-icon awb-icon-check\" aria-hidden=\"true\"><\/i><\/span><div class=\"fusion-li-item-content\">\n<p>Los miembros de equipos <b>directivos y gestores<\/b> de instituciones educativas, o aspirantes a serlo.<\/p>\n<\/div><\/li><li class=\"fusion-li-item\" style=\"\"><span class=\"icon-wrapper circle-yes\"><i class=\"fusion-li-icon awb-icon-check\" aria-hidden=\"true\"><\/i><\/span><div class=\"fusion-li-item-content\">\n<p>Cualesquiera otros\/as <b>formadores\/as:<\/b> responsables de programas educativos de instituciones culturales, profesorado de formaci\u00f3n permanente, o formadores de formadores.<\/p>\n<\/div><\/li><li class=\"fusion-li-item\" style=\"\"><span class=\"icon-wrapper circle-yes\"><i class=\"fusion-li-icon awb-icon-check\" aria-hidden=\"true\"><\/i><\/span><div class=\"fusion-li-item-content\">\n<p><strong>Responsables de innovaci\u00f3n<\/strong>\u00a0de empresas editoriales o tecnol\u00f3gicas relacionadas con la educaci\u00f3n.<\/p>\n<\/div><\/li><\/ul><\/div><\/div><div class=\"fusion-clearfix\"><\/div><\/div><\/div><div class=\"fusion-layout-column fusion_builder_column fusion-builder-column-2 fusion_builder_column_1_2 1_2 fusion-one-half fusion-column-last\" style=\"--awb-bg-size:cover;--awb-margin-top:20px;width:50%;width:calc(50% - ( ( 9% ) * 0.5 ) );\"><div class=\"fusion-column-wrapper fusion-column-has-shadow fusion-flex-column-wrapper-legacy\"><div class=\"fusion-video fusion-youtube\" style=\"--awb-max-width:600px;--awb-max-height:360px;\" data-autoplay=\"1\"><div class=\"video-shortcode\"><div class=\"fluid-width-video-wrapper\" style=\"padding-top:60%;\" ><iframe title=\"YouTube video player 1\" src=\"https:\/\/www.youtube.com\/embed\/RdZc02zpt0Q?wmode=transparent&autoplay=0\" width=\"600\" height=\"360\" allowfullscreen allow=\"autoplay; fullscreen\"><\/iframe><\/div><\/div><\/div><div class=\"fusion-clearfix\"><\/div><\/div><\/div><\/div><\/div><\/p>\n","protected":false},"excerpt":{"rendered":"","protected":false},"author":1,"featured_media":0,"parent":0,"menu_order":0,"comment_status":"closed","ping_status":"closed","template":"100-width.php","meta":{"footnotes":""},"yoast_head":"<!-- This site is optimized with the Yoast SEO plugin v23.0 - https:\/\/yoast.com\/wordpress\/plugins\/seo\/ -->\n<title>A qui\u00e9n se dirige - Laboratorio de la Nueva Educaci\u00f3n<\/title>\n<meta name=\"robots\" content=\"noindex, follow, max-snippet:-1, max-image-preview:large, max-video-preview:-1\" \/>\n<meta property=\"og:locale\" content=\"es_ES\" \/>\n<meta property=\"og:type\" content=\"article\" \/>\n<meta property=\"og:title\" content=\"A qui\u00e9n se dirige - Laboratorio de la Nueva Educaci\u00f3n\" \/>\n<meta property=\"og:url\" content=\"https:\/\/master.fundacionginer.org\/master\/a-quien-se-dirige\/\" \/>\n<meta property=\"og:site_name\" content=\"Laboratorio de la Nueva Educaci\u00f3n\" \/>\n<meta property=\"article:modified_time\" content=\"2022-03-02T13:28:30+00:00\" \/>\n<meta name=\"twitter:card\" content=\"summary_large_image\" \/>\n<meta name=\"twitter:label1\" content=\"Tiempo de lectura\" \/>\n\t<meta name=\"twitter:data1\" content=\"4 minutos\" \/>\n<script type=\"application\/ld+json\" class=\"yoast-schema-graph\">{\"@context\":\"https:\/\/schema.org\",\"@graph\":[{\"@type\":\"WebPage\",\"@id\":\"https:\/\/master.fundacionginer.org\/master\/a-quien-se-dirige\/\",\"url\":\"https:\/\/master.fundacionginer.org\/master\/a-quien-se-dirige\/\",\"name\":\"A qui\u00e9n se dirige - Laboratorio de la Nueva Educaci\u00f3n\",\"isPartOf\":{\"@id\":\"https:\/\/master.fundacionginer.org\/master\/#website\"},\"datePublished\":\"2017-10-21T02:39:23+00:00\",\"dateModified\":\"2022-03-02T13:28:30+00:00\",\"breadcrumb\":{\"@id\":\"https:\/\/master.fundacionginer.org\/master\/a-quien-se-dirige\/#breadcrumb\"},\"inLanguage\":\"es\",\"potentialAction\":[{\"@type\":\"ReadAction\",\"target\":[\"https:\/\/master.fundacionginer.org\/master\/a-quien-se-dirige\/\"]}]},{\"@type\":\"BreadcrumbList\",\"@id\":\"https:\/\/master.fundacionginer.org\/master\/a-quien-se-dirige\/#breadcrumb\",\"itemListElement\":[{\"@type\":\"ListItem\",\"position\":1,\"name\":\"Portada\",\"item\":\"https:\/\/master.fundacionginer.org\/master\/\"},{\"@type\":\"ListItem\",\"position\":2,\"name\":\"A qui\u00e9n se dirige\"}]},{\"@type\":\"WebSite\",\"@id\":\"https:\/\/master.fundacionginer.org\/master\/#website\",\"url\":\"https:\/\/master.fundacionginer.org\/master\/\",\"name\":\"Laboratorio de la Nueva Educaci\u00f3n\",\"description\":\"M\u00e1ster en Innovaci\u00f3n Educativa\",\"potentialAction\":[{\"@type\":\"SearchAction\",\"target\":{\"@type\":\"EntryPoint\",\"urlTemplate\":\"https:\/\/master.fundacionginer.org\/master\/?s={search_term_string}\"},\"query-input\":\"required name=search_term_string\"}],\"inLanguage\":\"es\"}]}<\/script>\n<!-- \/ Yoast SEO plugin. -->","yoast_head_json":{"title":"A qui\u00e9n se dirige - Laboratorio de la Nueva Educaci\u00f3n","robots":{"index":"noindex","follow":"follow","max-snippet":"max-snippet:-1","max-image-preview":"max-image-preview:large","max-video-preview":"max-video-preview:-1"},"og_locale":"es_ES","og_type":"article","og_title":"A qui\u00e9n se dirige - Laboratorio de la Nueva Educaci\u00f3n","og_url":"https:\/\/master.fundacionginer.org\/master\/a-quien-se-dirige\/","og_site_name":"Laboratorio de la Nueva Educaci\u00f3n","article_modified_time":"2022-03-02T13:28:30+00:00","twitter_card":"summary_large_image","twitter_misc":{"Tiempo de lectura":"4 minutos"},"schema":{"@context":"https:\/\/schema.org","@graph":[{"@type":"WebPage","@id":"https:\/\/master.fundacionginer.org\/master\/a-quien-se-dirige\/","url":"https:\/\/master.fundacionginer.org\/master\/a-quien-se-dirige\/","name":"A qui\u00e9n se dirige - Laboratorio de la Nueva Educaci\u00f3n","isPartOf":{"@id":"https:\/\/master.fundacionginer.org\/master\/#website"},"datePublished":"2017-10-21T02:39:23+00:00","dateModified":"2022-03-02T13:28:30+00:00","breadcrumb":{"@id":"https:\/\/master.fundacionginer.org\/master\/a-quien-se-dirige\/#breadcrumb"},"inLanguage":"es","potentialAction":[{"@type":"ReadAction","target":["https:\/\/master.fundacionginer.org\/master\/a-quien-se-dirige\/"]}]},{"@type":"BreadcrumbList","@id":"https:\/\/master.fundacionginer.org\/master\/a-quien-se-dirige\/#breadcrumb","itemListElement":[{"@type":"ListItem","position":1,"name":"Portada","item":"https:\/\/master.fundacionginer.org\/master\/"},{"@type":"ListItem","position":2,"name":"A qui\u00e9n se dirige"}]},{"@type":"WebSite","@id":"https:\/\/master.fundacionginer.org\/master\/#website","url":"https:\/\/master.fundacionginer.org\/master\/","name":"Laboratorio de la Nueva Educaci\u00f3n","description":"M\u00e1ster en Innovaci\u00f3n Educativa","potentialAction":[{"@type":"SearchAction","target":{"@type":"EntryPoint","urlTemplate":"https:\/\/master.fundacionginer.org\/master\/?s={search_term_string}"},"query-input":"required name=search_term_string"}],"inLanguage":"es"}]}},"_links":{"self":[{"href":"https:\/\/master.fundacionginer.org\/master\/wp-json\/wp\/v2\/pages\/56"}],"collection":[{"href":"https:\/\/master.fundacionginer.org\/master\/wp-json\/wp\/v2\/pages"}],"about":[{"href":"https:\/\/master.fundacionginer.org\/master\/wp-json\/wp\/v2\/types\/page"}],"author":[{"embeddable":true,"href":"https:\/\/master.fundacionginer.org\/master\/wp-json\/wp\/v2\/users\/1"}],"replies":[{"embeddable":true,"href":"https:\/\/master.fundacionginer.org\/master\/wp-json\/wp\/v2\/comments?post=56"}],"version-history":[{"count":25,"href":"https:\/\/master.fundacionginer.org\/master\/wp-json\/wp\/v2\/pages\/56\/revisions"}],"predecessor-version":[{"id":1990,"href":"https:\/\/master.fundacionginer.org\/master\/wp-json\/wp\/v2\/pages\/56\/revisions\/1990"}],"wp:attachment":[{"href":"https:\/\/master.fundacionginer.org\/master\/wp-json\/wp\/v2\/media?parent=56"}],"curies":[{"name":"wp","href":"https:\/\/api.w.org\/{rel}","templated":true}]}}