{"id":1500,"date":"2019-07-18T09:13:56","date_gmt":"2019-07-18T07:13:56","guid":{"rendered":"http:\/\/master.fundacionginer.org\/master\/?page_id=1500"},"modified":"2022-06-06T18:04:36","modified_gmt":"2022-06-06T16:04:36","slug":"ayudas","status":"publish","type":"page","link":"https:\/\/master.fundacionginer.org\/master\/ayudas\/","title":{"rendered":"AYUDAS"},"content":{"rendered":"<div class=\"fusion-fullwidth fullwidth-box fusion-builder-row-1 nonhundred-percent-fullwidth non-hundred-percent-height-scrolling\" style=\"--awb-border-radius-top-left:0px;--awb-border-radius-top-right:0px;--awb-border-radius-bottom-right:0px;--awb-border-radius-bottom-left:0px;--awb-flex-wrap:wrap;\" ><div class=\"fusion-builder-row fusion-row\"><div class=\"fusion-layout-column fusion_builder_column fusion-builder-column-0 fusion_builder_column_1_1 1_1 fusion-one-full fusion-column-first fusion-column-last\" style=\"--awb-bg-size:cover;\"><div class=\"fusion-column-wrapper fusion-column-has-shadow fusion-flex-column-wrapper-legacy\"><div class=\"fusion-title title fusion-title-1 fusion-sep-none fusion-title-text fusion-title-size-one\"><h1 class=\"fusion-title-heading title-heading-left fusion-responsive-typography-calculated\" style=\"margin:0;--fontSize:48;line-height:1.12;\"><p style=\"text-align: center;\">Ayudas<\/p><\/h1><\/div><div class=\"fusion-sep-clear\"><\/div><div class=\"fusion-separator\" style=\"margin-left: auto;margin-right: auto;width:100%;max-width:15%;\"><div class=\"fusion-separator-border sep-single sep-solid\" style=\"--awb-height:20px;--awb-amount:20px;--awb-sep-color:#000000;border-color:#000000;border-top-width:4px;\"><\/div><\/div><div class=\"fusion-sep-clear\"><\/div><div class=\"fusion-text fusion-text-1\"><h4 style=\"text-align: center; --fontSize:24; line-height: 1.4; --minFontSize:24;\" data-fontsize=\"24\" data-lineheight=\"33.6px\" class=\"fusion-responsive-typography-calculated\"><\/h4>\n<p>Se ofrecen ayudas de 1.000 euros para las inscripciones al M\u00e1ster hasta el 30 de junio.<\/p>\n<p class=\"p1\"><strong style=\"background-color: rgba(255, 255, 255, 0); color: var(--body_typography-color); font-family: var(--body_typography-font-family); font-size: var(--body_typography-font-size); font-style: var(--body_typography-font-style,normal); letter-spacing: var(--body_typography-letter-spacing);\">INFORMACI\u00d3N Y CONTACTO<\/strong><\/p>\n<p class=\"p1\"><a href=\"mailto:innovacioneducativa@postgrado.uc3m.es\">innovacioneducativa@postgrado.uc3m.es<\/a><\/p>\n<p class=\"p1\"><a href=\"http:\/\/master.fundacionginer.org\/master\/contacto\/\">Acceso al formulario <\/a><\/p>\n<p class=\"p1\"><a href=\"https:\/\/master.fundacionginer.org\">https:\/\/master.fundacionginer.org<\/a><\/p>\n<\/div><div class=\"fusion-clearfix\"><\/div><\/div><\/div><\/div><\/div>\n","protected":false},"excerpt":{"rendered":"","protected":false},"author":2,"featured_media":0,"parent":0,"menu_order":0,"comment_status":"closed","ping_status":"closed","template":"","meta":{"footnotes":""},"yoast_head":"<!-- This site is optimized with the Yoast SEO plugin v23.0 - https:\/\/yoast.com\/wordpress\/plugins\/seo\/ -->\n<title>AYUDAS - Laboratorio de la Nueva Educaci\u00f3n<\/title>\n<meta name=\"robots\" content=\"noindex, follow, max-snippet:-1, max-image-preview:large, max-video-preview:-1\" \/>\n<meta property=\"og:locale\" content=\"es_ES\" \/>\n<meta property=\"og:type\" content=\"article\" \/>\n<meta property=\"og:title\" content=\"AYUDAS - Laboratorio de la Nueva Educaci\u00f3n\" \/>\n<meta property=\"og:url\" content=\"https:\/\/master.fundacionginer.org\/master\/ayudas\/\" \/>\n<meta property=\"og:site_name\" content=\"Laboratorio de la Nueva Educaci\u00f3n\" \/>\n<meta property=\"article:modified_time\" content=\"2022-06-06T16:04:36+00:00\" \/>\n<meta name=\"twitter:card\" content=\"summary_large_image\" \/>\n<meta name=\"twitter:label1\" content=\"Tiempo de lectura\" \/>\n\t<meta name=\"twitter:data1\" content=\"2 minutos\" \/>\n<script type=\"application\/ld+json\" class=\"yoast-schema-graph\">{\"@context\":\"https:\/\/schema.org\",\"@graph\":[{\"@type\":\"WebPage\",\"@id\":\"https:\/\/master.fundacionginer.org\/master\/ayudas\/\",\"url\":\"https:\/\/master.fundacionginer.org\/master\/ayudas\/\",\"name\":\"AYUDAS - Laboratorio de la Nueva Educaci\u00f3n\",\"isPartOf\":{\"@id\":\"https:\/\/master.fundacionginer.org\/master\/#website\"},\"datePublished\":\"2019-07-18T07:13:56+00:00\",\"dateModified\":\"2022-06-06T16:04:36+00:00\",\"breadcrumb\":{\"@id\":\"https:\/\/master.fundacionginer.org\/master\/ayudas\/#breadcrumb\"},\"inLanguage\":\"es\",\"potentialAction\":[{\"@type\":\"ReadAction\",\"target\":[\"https:\/\/master.fundacionginer.org\/master\/ayudas\/\"]}]},{\"@type\":\"BreadcrumbList\",\"@id\":\"https:\/\/master.fundacionginer.org\/master\/ayudas\/#breadcrumb\",\"itemListElement\":[{\"@type\":\"ListItem\",\"position\":1,\"name\":\"Portada\",\"item\":\"https:\/\/master.fundacionginer.org\/master\/\"},{\"@type\":\"ListItem\",\"position\":2,\"name\":\"AYUDAS\"}]},{\"@type\":\"WebSite\",\"@id\":\"https:\/\/master.fundacionginer.org\/master\/#website\",\"url\":\"https:\/\/master.fundacionginer.org\/master\/\",\"name\":\"Laboratorio de la Nueva Educaci\u00f3n\",\"description\":\"M\u00e1ster en Innovaci\u00f3n Educativa\",\"potentialAction\":[{\"@type\":\"SearchAction\",\"target\":{\"@type\":\"EntryPoint\",\"urlTemplate\":\"https:\/\/master.fundacionginer.org\/master\/?s={search_term_string}\"},\"query-input\":\"required name=search_term_string\"}],\"inLanguage\":\"es\"}]}<\/script>\n<!-- \/ Yoast SEO plugin. -->","yoast_head_json":{"title":"AYUDAS - Laboratorio de la Nueva Educaci\u00f3n","robots":{"index":"noindex","follow":"follow","max-snippet":"max-snippet:-1","max-image-preview":"max-image-preview:large","max-video-preview":"max-video-preview:-1"},"og_locale":"es_ES","og_type":"article","og_title":"AYUDAS - Laboratorio de la Nueva Educaci\u00f3n","og_url":"https:\/\/master.fundacionginer.org\/master\/ayudas\/","og_site_name":"Laboratorio de la Nueva Educaci\u00f3n","article_modified_time":"2022-06-06T16:04:36+00:00","twitter_card":"summary_large_image","twitter_misc":{"Tiempo de lectura":"2 minutos"},"schema":{"@context":"https:\/\/schema.org","@graph":[{"@type":"WebPage","@id":"https:\/\/master.fundacionginer.org\/master\/ayudas\/","url":"https:\/\/master.fundacionginer.org\/master\/ayudas\/","name":"AYUDAS - Laboratorio de la Nueva Educaci\u00f3n","isPartOf":{"@id":"https:\/\/master.fundacionginer.org\/master\/#website"},"datePublished":"2019-07-18T07:13:56+00:00","dateModified":"2022-06-06T16:04:36+00:00","breadcrumb":{"@id":"https:\/\/master.fundacionginer.org\/master\/ayudas\/#breadcrumb"},"inLanguage":"es","potentialAction":[{"@type":"ReadAction","target":["https:\/\/master.fundacionginer.org\/master\/ayudas\/"]}]},{"@type":"BreadcrumbList","@id":"https:\/\/master.fundacionginer.org\/master\/ayudas\/#breadcrumb","itemListElement":[{"@type":"ListItem","position":1,"name":"Portada","item":"https:\/\/master.fundacionginer.org\/master\/"},{"@type":"ListItem","position":2,"name":"AYUDAS"}]},{"@type":"WebSite","@id":"https:\/\/master.fundacionginer.org\/master\/#website","url":"https:\/\/master.fundacionginer.org\/master\/","name":"Laboratorio de la Nueva Educaci\u00f3n","description":"M\u00e1ster en Innovaci\u00f3n Educativa","potentialAction":[{"@type":"SearchAction","target":{"@type":"EntryPoint","urlTemplate":"https:\/\/master.fundacionginer.org\/master\/?s={search_term_string}"},"query-input":"required name=search_term_string"}],"inLanguage":"es"}]}},"_links":{"self":[{"href":"https:\/\/master.fundacionginer.org\/master\/wp-json\/wp\/v2\/pages\/1500"}],"collection":[{"href":"https:\/\/master.fundacionginer.org\/master\/wp-json\/wp\/v2\/pages"}],"about":[{"href":"https:\/\/master.fundacionginer.org\/master\/wp-json\/wp\/v2\/types\/page"}],"author":[{"embeddable":true,"href":"https:\/\/master.fundacionginer.org\/master\/wp-json\/wp\/v2\/users\/2"}],"replies":[{"embeddable":true,"href":"https:\/\/master.fundacionginer.org\/master\/wp-json\/wp\/v2\/comments?post=1500"}],"version-history":[{"count":40,"href":"https:\/\/master.fundacionginer.org\/master\/wp-json\/wp\/v2\/pages\/1500\/revisions"}],"predecessor-version":[{"id":2000,"href":"https:\/\/master.fundacionginer.org\/master\/wp-json\/wp\/v2\/pages\/1500\/revisions\/2000"}],"wp:attachment":[{"href":"https:\/\/master.fundacionginer.org\/master\/wp-json\/wp\/v2\/media?parent=1500"}],"curies":[{"name":"wp","href":"https:\/\/api.w.org\/{rel}","templated":true}]}}