{"id":1235,"date":"2019-04-03T16:38:41","date_gmt":"2019-04-03T14:38:41","guid":{"rendered":"http:\/\/master.fundacionginer.org\/master\/?page_id=1235"},"modified":"2022-02-04T10:17:15","modified_gmt":"2022-02-04T09:17:15","slug":"tribuna","status":"publish","type":"page","link":"https:\/\/master.fundacionginer.org\/master\/tribuna\/","title":{"rendered":"Tribuna"},"content":{"rendered":"<p><div class=\"fusion-fullwidth fullwidth-box fusion-builder-row-1 nonhundred-percent-fullwidth non-hundred-percent-height-scrolling\" style=\"--awb-border-radius-top-left:0px;--awb-border-radius-top-right:0px;--awb-border-radius-bottom-right:0px;--awb-border-radius-bottom-left:0px;--awb-margin-top:30px;--awb-flex-wrap:wrap;\" ><div class=\"fusion-builder-row fusion-row\"><div class=\"fusion-layout-column fusion_builder_column fusion-builder-column-0 fusion_builder_column_1_1 1_1 fusion-one-full fusion-column-first fusion-column-last\" style=\"--awb-bg-size:cover;\"><div class=\"fusion-column-wrapper fusion-flex-column-wrapper-legacy\"><div class=\"fusion-title title fusion-title-1 fusion-sep-none fusion-title-center fusion-title-text fusion-title-size-two\" style=\"--awb-text-color:#a00419;\"><h2 class=\"fusion-title-heading title-heading-center fusion-responsive-typography-calculated\" style=\"margin:0;--fontSize:38;line-height:1.3;\">Tribuna<\/h2><\/div><div class=\"fusion-sep-clear\"><\/div><div class=\"fusion-separator\" style=\"margin-left: auto;margin-right: auto;margin-bottom:5%;width:100%;max-width:15%;\"><div class=\"fusion-separator-border sep-single sep-solid\" style=\"--awb-height:20px;--awb-amount:20px;--awb-sep-color:#0a0909;border-color:#0a0909;border-top-width:4px;\"><\/div><\/div><div class=\"fusion-sep-clear\"><\/div><div class=\"fusion-text fusion-text-1\"><p style=\"text-align: center;\">En esta tribuna nuestros\/as estudiantes y profesores\/as comparten sus trabajos y aportaciones realizados durante el curso.<\/p>\n<\/div><div class=\"fusion-clearfix\"><\/div><\/div><\/div><\/div><\/div><div class=\"fusion-fullwidth fullwidth-box fusion-builder-row-2 nonhundred-percent-fullwidth non-hundred-percent-height-scrolling\" style=\"--awb-border-radius-top-left:0px;--awb-border-radius-top-right:0px;--awb-border-radius-bottom-right:0px;--awb-border-radius-bottom-left:0px;--awb-margin-bottom:1%;--awb-flex-wrap:wrap;\" ><div class=\"fusion-builder-row fusion-row\"><div class=\"fusion-layout-column fusion_builder_column fusion-builder-column-1 fusion_builder_column_1_1 1_1 fusion-one-full fusion-column-first fusion-column-last fusion-column-inner-bg-wrapper\" style=\"--awb-inner-bg-size:cover;\"><span class=\"fusion-column-inner-bg hover-type-none\"><a class=\"fusion-column-anchor\" href=\"https:\/\/master.fundacionginer.org\/master\/2020\/05\/18\/pedagogias-emergentes-para-el-confinamiento-episodio-cero-2\/\"><span class=\"fusion-column-inner-bg-image\"><\/span><\/a><\/span><div class=\"fusion-column-wrapper fusion-column-has-shadow fusion-flex-column-wrapper-legacy\"><div class=\"fusion-blog-shortcode fusion-blog-shortcode-1 fusion-blog-archive fusion-blog-layout-medium fusion-blog-no\"><div class=\"fusion-posts-container fusion-posts-container-no fusion-no-meta-info fusion-blog-rollover\" data-pages=\"1\"><article id=\"blog-1-post-1565\" class=\"fusion-post-medium post-1565 post type-post status-publish format-standard has-post-thumbnail hentry category-actualidad\">\n\t<style type=\"text\/css\">\n\t\t\n\t\t\n\t\t\n\t\t\n\t\t\t<\/style>\n\n\n\t\t\t<div class=\"fusion-flexslider flexslider fusion-flexslider-loading fusion-post-slideshow\" style=\"\">\n\t\t<ul class=\"slides\">\n\t\t\t\n\t\t\t\t\t\t\t\t\t\t\t\t\t\t<li><div  class=\"fusion-image-wrapper fusion-image-size-fixed\" aria-haspopup=\"true\">\n\t\t\t\t<img decoding=\"async\" width=\"320\" height=\"202\" src=\"https:\/\/master.fundacionginer.org\/master\/wp-content\/uploads\/2020\/05\/MASTER_WEB-23-320x202.jpg\" class=\"attachment-blog-medium size-blog-medium wp-post-image\" alt=\"\" srcset=\"https:\/\/master.fundacionginer.org\/master\/wp-content\/uploads\/2020\/05\/MASTER_WEB-23-320x202.jpg 320w, https:\/\/master.fundacionginer.org\/master\/wp-content\/uploads\/2020\/05\/MASTER_WEB-23-700x441.jpg 700w\" sizes=\"(max-width: 320px) 100vw, 320px\" \/><div class=\"fusion-rollover\">\n\t<div class=\"fusion-rollover-content\">\n\n\t\t\t\t\t\t\t\t\t\t\t\t\t\t<a class=\"fusion-rollover-link\" href=\"https:\/\/master.fundacionginer.org\/master\/2020\/05\/18\/pedagogias-emergentes-para-el-confinamiento-episodio-cero\/\">Pedagogi\u0301as emergentes para tiempos de confinamiento<\/a>\n\t\t\t\n\t\t\t\t\t\t\t\t\n\t\t\n\t\t\t\t\t\t\t\t\n\t\t\t\t\t\t\t\t\n\t\t\n\t\t\t\t\t\t<a class=\"fusion-link-wrapper\" href=\"https:\/\/master.fundacionginer.org\/master\/2020\/05\/18\/pedagogias-emergentes-para-el-confinamiento-episodio-cero\/\" aria-label=\"Pedagogi\u0301as emergentes para tiempos de confinamiento\"><\/a>\n\t<\/div>\n<\/div>\n<\/div>\n<\/li>\n\t\t\t\n\t\t\t\n\t\t\t\t\t\t\t\t\t\t\t\t\t\t\t\t\t\t\t\t\t\t\t\t\t\t\t\t\t\t\t\t\t\t\t\t\t\t\t\t\t\t\t\t\t\t\t\t\t\t\t\t\t\t\t\t\t\t\t\t\t\t\t\t\t\t\t\t<\/ul>\n\t<\/div>\n\t<div class=\"fusion-post-content post-content\"><h2 class=\"blog-shortcode-post-title entry-title\"><a href=\"https:\/\/master.fundacionginer.org\/master\/2020\/05\/18\/pedagogias-emergentes-para-el-confinamiento-episodio-cero\/\">Pedagogi\u0301as emergentes para tiempos de confinamiento<\/a><\/h2><div class=\"fusion-post-content-container\"><p> Los alumnos Rosario Rothamel, Karen P\u00e9rez, Alfredo Miralles, Sara Onsurbe, Macarena Guti\u00e9rrez, Irene Ramos, Silvia L\u00e1inez, M\u00aa Teresa Mateo, Francisca Silva y Luis \u00c1ngel G\u00f3mez, del curso 2019-2020 del m\u00e1ster, han llevado a cabo, de la mano del profesor<\/p><\/div><\/div><div class=\"fusion-clearfix\"><\/div><\/article>\n<article id=\"blog-1-post-1577\" class=\"fusion-post-medium post-1577 post type-post status-publish format-standard has-post-thumbnail hentry category-actualidad\">\n\t<style type=\"text\/css\">\n\t\t\n\t\t\n\t\t\n\t\t\n\t\t\t<\/style>\n\n\n\t\t\t<div class=\"fusion-flexslider flexslider fusion-flexslider-loading fusion-post-slideshow\" style=\"\">\n\t\t<ul class=\"slides\">\n\t\t\t\n\t\t\t\t\t\t\t\t\t\t\t\t\t\t<li><div  class=\"fusion-image-wrapper fusion-image-size-fixed\" aria-haspopup=\"true\">\n\t\t\t\t<img decoding=\"async\" width=\"320\" height=\"202\" src=\"https:\/\/master.fundacionginer.org\/master\/wp-content\/uploads\/2020\/05\/MASTER_WEB-34-320x202.jpg\" class=\"attachment-blog-medium size-blog-medium wp-post-image\" alt=\"\" srcset=\"https:\/\/master.fundacionginer.org\/master\/wp-content\/uploads\/2020\/05\/MASTER_WEB-34-320x202.jpg 320w, https:\/\/master.fundacionginer.org\/master\/wp-content\/uploads\/2020\/05\/MASTER_WEB-34-700x441.jpg 700w\" sizes=\"(max-width: 320px) 100vw, 320px\" \/><div class=\"fusion-rollover\">\n\t<div class=\"fusion-rollover-content\">\n\n\t\t\t\t\t\t\t\t\t\t\t\t\t\t<a class=\"fusion-rollover-link\" href=\"https:\/\/master.fundacionginer.org\/master\/2020\/05\/18\/pedagogias-emergentes-para-el-confinamiento-episodio-cero-2\/\">Pedagogi\u0301as emergentes para tiempos de confinamiento: episodio cero<\/a>\n\t\t\t\n\t\t\t\t\t\t\t\t\n\t\t\n\t\t\t\t\t\t\t\t\n\t\t\t\t\t\t\t\t\n\t\t\n\t\t\t\t\t\t<a class=\"fusion-link-wrapper\" href=\"https:\/\/master.fundacionginer.org\/master\/2020\/05\/18\/pedagogias-emergentes-para-el-confinamiento-episodio-cero-2\/\" aria-label=\"Pedagogi\u0301as emergentes para tiempos de confinamiento: episodio cero\"><\/a>\n\t<\/div>\n<\/div>\n<\/div>\n<\/li>\n\t\t\t\n\t\t\t\n\t\t\t\t\t\t\t\t\t\t\t\t\t\t\t\t\t\t\t\t\t\t\t\t\t\t\t\t\t\t\t\t\t\t\t\t\t\t\t\t\t\t\t\t\t\t\t\t\t\t\t\t\t\t\t\t\t\t\t\t\t\t\t\t\t\t\t\t<\/ul>\n\t<\/div>\n\t<div class=\"fusion-post-content post-content\"><h2 class=\"blog-shortcode-post-title entry-title\"><a href=\"https:\/\/master.fundacionginer.org\/master\/2020\/05\/18\/pedagogias-emergentes-para-el-confinamiento-episodio-cero-2\/\">Pedagogi\u0301as emergentes para tiempos de confinamiento: episodio cero<\/a><\/h2><div class=\"fusion-post-content-container\"><p> M\u00e1s de 10 millones de estudiantes se han visto forzados a aprender desde sus hogares y miles de docentes est\u00e1n trabajando desde sus casas. Por eso, para Fernando Trujillo, profesor de nuestro m\u00e1ster, profesor de la Universidad de Granada<\/p><\/div><\/div><div class=\"fusion-clearfix\"><\/div><\/article>\n<\/div><\/div><div class=\"fusion-clearfix\"><\/div><\/div><\/div><\/div><\/div><div class=\"fusion-fullwidth fullwidth-box fusion-builder-row-3 nonhundred-percent-fullwidth non-hundred-percent-height-scrolling\" style=\"--awb-border-radius-top-left:0px;--awb-border-radius-top-right:0px;--awb-border-radius-bottom-right:0px;--awb-border-radius-bottom-left:0px;--awb-margin-top:0px;--awb-flex-wrap:wrap;\" ><div class=\"fusion-builder-row fusion-row\"><div class=\"fusion-layout-column fusion_builder_column fusion-builder-column-2 fusion_builder_column_1_1 1_1 fusion-one-full fusion-column-first fusion-column-last\" style=\"--awb-padding-top:5%;--awb-bg-size:cover;\"><div class=\"fusion-column-wrapper fusion-column-has-shadow fusion-flex-column-wrapper-legacy\"><div class=\"fusion-blog-shortcode fusion-blog-shortcode-2 fusion-blog-archive fusion-blog-layout-grid-wrapper fusion-blog-infinite\"><style type=\"text\/css\">.fusion-blog-shortcode-2 .fusion-blog-layout-grid .fusion-post-grid{padding:20px;}.fusion-blog-shortcode-2 .fusion-posts-container{margin-left: -20px !important; margin-right:-20px !important;}<\/style><div class=\"fusion-posts-container fusion-posts-container-infinite fusion-no-meta-info fusion-blog-rollover fusion-blog-layout-grid fusion-blog-layout-grid-3 isotope\" data-pages=\"8\" data-grid-col-space=\"40\" style=\"margin: -20px -20px 0;min-height:500px;\"><article id=\"blog-2-post-1931\" class=\"fusion-post-grid post-1931 post type-post status-publish format-standard has-post-thumbnail hentry category-sin-categoria\">\n<div class=\"fusion-post-wrapper\" style=\"background-color:rgba(255,255,255,1);border:1px solid #ffffff;border-bottom-width:3px;\">\n\n\t\t\t<div class=\"fusion-flexslider flexslider fusion-flexslider-loading fusion-post-slideshow\" style=\"border-color:#ffffff;\">\n\t\t<ul class=\"slides\">\n\t\t\t\n\t\t\t\t\t\t\t\t\t\t\t\t\t\t<li><div  class=\"fusion-image-wrapper\" aria-haspopup=\"true\">\n\t\t\t\t<img decoding=\"async\" width=\"2560\" height=\"1829\" src=\"https:\/\/master.fundacionginer.org\/master\/wp-content\/uploads\/2020\/05\/MASTER_WEB-40-scaled.jpg\" class=\"attachment-full size-full wp-post-image\" alt=\"\" srcset=\"https:\/\/master.fundacionginer.org\/master\/wp-content\/uploads\/2020\/05\/MASTER_WEB-40-200x143.jpg 200w, https:\/\/master.fundacionginer.org\/master\/wp-content\/uploads\/2020\/05\/MASTER_WEB-40-400x286.jpg 400w, https:\/\/master.fundacionginer.org\/master\/wp-content\/uploads\/2020\/05\/MASTER_WEB-40-600x429.jpg 600w, https:\/\/master.fundacionginer.org\/master\/wp-content\/uploads\/2020\/05\/MASTER_WEB-40-800x571.jpg 800w, https:\/\/master.fundacionginer.org\/master\/wp-content\/uploads\/2020\/05\/MASTER_WEB-40-1200x857.jpg 1200w, https:\/\/master.fundacionginer.org\/master\/wp-content\/uploads\/2020\/05\/MASTER_WEB-40-scaled.jpg 2560w\" sizes=\"(min-width: 2200px) 100vw, (min-width: 784px) 393px, (min-width: 712px) 590px, (min-width: 640px) 712px, \" \/><div class=\"fusion-rollover\">\n\t<div class=\"fusion-rollover-content\">\n\n\t\t\t\t\t\t\t\t\t\t\t\t\t\t<a class=\"fusion-rollover-link\" href=\"https:\/\/master.fundacionginer.org\/master\/2021\/08\/30\/presentacion-del-modulo-cuerpo\/\">Presentaci\u00f3n del m\u00f3dulo Cuerpo<\/a>\n\t\t\t\n\t\t\t\t\t\t\t\t\n\t\t\n\t\t\t\t\t\t\t\t\n\t\t\t\t\t\t\t\t\n\t\t\n\t\t\t\t\t\t<a class=\"fusion-link-wrapper\" href=\"https:\/\/master.fundacionginer.org\/master\/2021\/08\/30\/presentacion-del-modulo-cuerpo\/\" aria-label=\"Presentaci\u00f3n del m\u00f3dulo Cuerpo\"><\/a>\n\t<\/div>\n<\/div>\n<\/div>\n<\/li>\n\t\t\t\n\t\t\t\n\t\t\t\t\t\t\t\t\t\t\t\t\t\t\t\t\t\t\t\t\t\t\t\t\t\t\t\t\t\t\t\t\t\t\t\t\t\t\t\t\t\t\t\t\t\t\t\t\t\t\t\t\t\t\t\t\t\t\t\t\t\t\t\t\t\t\t\t<\/ul>\n\t<\/div>\n\t<div class=\"fusion-post-content-wrapper\" style=\"padding:30px 30px 20px 30px;\"><div class=\"fusion-post-content post-content\"><h2 class=\"blog-shortcode-post-title entry-title\"><a href=\"https:\/\/master.fundacionginer.org\/master\/2021\/08\/30\/presentacion-del-modulo-cuerpo\/\">Presentaci\u00f3n del m\u00f3dulo Cuerpo<\/a><\/h2><div class=\"fusion-post-content-container\"><p>    <\/p><\/div><\/div><\/div><div class=\"fusion-clearfix\"><\/div><\/div>\n<\/article>\n<article id=\"blog-2-post-1928\" class=\"fusion-post-grid post-1928 post type-post status-publish format-standard hentry category-noticias\">\n<div class=\"fusion-post-wrapper\" style=\"background-color:rgba(255,255,255,1);border:1px solid #ffffff;border-bottom-width:3px;\">\n\n<div class=\"fusion-post-content-wrapper\" style=\"padding:30px 30px 20px 30px;\"><div class=\"fusion-post-content post-content\"><h2 class=\"blog-shortcode-post-title entry-title\"><a href=\"https:\/\/master.fundacionginer.org\/master\/2021\/08\/25\/donde-se-forman-los-docentes-en-pandemia-3\/\">Donde se forman los docentes&#8230; En pandemia (3)<\/a><\/h2><div class=\"fusion-post-content-container\"><p>    <\/p><\/div><\/div><\/div><div class=\"fusion-clearfix\"><\/div><\/div>\n<\/article>\n<article id=\"blog-2-post-1925\" class=\"fusion-post-grid post-1925 post type-post status-publish format-standard has-post-thumbnail hentry category-noticias\">\n<div class=\"fusion-post-wrapper\" style=\"background-color:rgba(255,255,255,1);border:1px solid #ffffff;border-bottom-width:3px;\">\n\n\t\t\t<div class=\"fusion-flexslider flexslider fusion-flexslider-loading fusion-post-slideshow\" style=\"border-color:#ffffff;\">\n\t\t<ul class=\"slides\">\n\t\t\t\n\t\t\t\t\t\t\t\t\t\t\t\t\t\t<li><div  class=\"fusion-image-wrapper\" aria-haspopup=\"true\">\n\t\t\t\t<img decoding=\"async\" width=\"1280\" height=\"720\" src=\"https:\/\/master.fundacionginer.org\/master\/wp-content\/uploads\/2021\/07\/fondo-azul-ile-1.png\" class=\"attachment-full size-full wp-post-image\" alt=\"\" srcset=\"https:\/\/master.fundacionginer.org\/master\/wp-content\/uploads\/2021\/07\/fondo-azul-ile-1-200x113.png 200w, https:\/\/master.fundacionginer.org\/master\/wp-content\/uploads\/2021\/07\/fondo-azul-ile-1-400x225.png 400w, https:\/\/master.fundacionginer.org\/master\/wp-content\/uploads\/2021\/07\/fondo-azul-ile-1-600x338.png 600w, https:\/\/master.fundacionginer.org\/master\/wp-content\/uploads\/2021\/07\/fondo-azul-ile-1-800x450.png 800w, https:\/\/master.fundacionginer.org\/master\/wp-content\/uploads\/2021\/07\/fondo-azul-ile-1-1200x675.png 1200w, https:\/\/master.fundacionginer.org\/master\/wp-content\/uploads\/2021\/07\/fondo-azul-ile-1.png 1280w\" sizes=\"(min-width: 2200px) 100vw, (min-width: 784px) 393px, (min-width: 712px) 590px, (min-width: 640px) 712px, \" \/><div class=\"fusion-rollover\">\n\t<div class=\"fusion-rollover-content\">\n\n\t\t\t\t\t\t\t\t\t\t\t\t\t\t<a class=\"fusion-rollover-link\" href=\"https:\/\/master.fundacionginer.org\/master\/2021\/08\/25\/donde-se-forman-los-docentes-en-pandemia-2\/\">Donde se forman los docentes&#8230; En pandemia (2)<\/a>\n\t\t\t\n\t\t\t\t\t\t\t\t\n\t\t\n\t\t\t\t\t\t\t\t\n\t\t\t\t\t\t\t\t\n\t\t\n\t\t\t\t\t\t<a class=\"fusion-link-wrapper\" href=\"https:\/\/master.fundacionginer.org\/master\/2021\/08\/25\/donde-se-forman-los-docentes-en-pandemia-2\/\" aria-label=\"Donde se forman los docentes&#8230; En pandemia (2)\"><\/a>\n\t<\/div>\n<\/div>\n<\/div>\n<\/li>\n\t\t\t\n\t\t\t\n\t\t\t\t\t\t\t\t\t\t\t\t\t\t\t\t\t\t\t\t\t\t\t\t\t\t\t\t\t\t\t\t\t\t\t\t\t\t\t\t\t\t\t\t\t\t\t\t\t\t\t\t\t\t\t\t\t\t\t\t\t\t\t\t\t\t\t\t<\/ul>\n\t<\/div>\n\t<div class=\"fusion-post-content-wrapper\" style=\"padding:30px 30px 20px 30px;\"><div class=\"fusion-post-content post-content\"><h2 class=\"blog-shortcode-post-title entry-title\"><a href=\"https:\/\/master.fundacionginer.org\/master\/2021\/08\/25\/donde-se-forman-los-docentes-en-pandemia-2\/\">Donde se forman los docentes&#8230; En pandemia (2)<\/a><\/h2><div class=\"fusion-post-content-container\"><p>    <\/p><\/div><\/div><\/div><div class=\"fusion-clearfix\"><\/div><\/div>\n<\/article>\n<article id=\"blog-2-post-1921\" class=\"fusion-post-grid post-1921 post type-post status-publish format-standard has-post-thumbnail hentry category-noticias\">\n<div class=\"fusion-post-wrapper\" style=\"background-color:rgba(255,255,255,1);border:1px solid #ffffff;border-bottom-width:3px;\">\n\n\t\t\t<div class=\"fusion-flexslider flexslider fusion-flexslider-loading fusion-post-slideshow\" style=\"border-color:#ffffff;\">\n\t\t<ul class=\"slides\">\n\t\t\t\n\t\t\t\t\t\t\t\t\t\t\t\t\t\t<li><div  class=\"fusion-image-wrapper\" aria-haspopup=\"true\">\n\t\t\t\t<img decoding=\"async\" width=\"1280\" height=\"720\" src=\"https:\/\/master.fundacionginer.org\/master\/wp-content\/uploads\/2021\/07\/fondo-azul-ile-1.png\" class=\"attachment-full size-full wp-post-image\" alt=\"\" srcset=\"https:\/\/master.fundacionginer.org\/master\/wp-content\/uploads\/2021\/07\/fondo-azul-ile-1-200x113.png 200w, https:\/\/master.fundacionginer.org\/master\/wp-content\/uploads\/2021\/07\/fondo-azul-ile-1-400x225.png 400w, https:\/\/master.fundacionginer.org\/master\/wp-content\/uploads\/2021\/07\/fondo-azul-ile-1-600x338.png 600w, https:\/\/master.fundacionginer.org\/master\/wp-content\/uploads\/2021\/07\/fondo-azul-ile-1-800x450.png 800w, https:\/\/master.fundacionginer.org\/master\/wp-content\/uploads\/2021\/07\/fondo-azul-ile-1-1200x675.png 1200w, https:\/\/master.fundacionginer.org\/master\/wp-content\/uploads\/2021\/07\/fondo-azul-ile-1.png 1280w\" sizes=\"(min-width: 2200px) 100vw, (min-width: 784px) 393px, (min-width: 712px) 590px, (min-width: 640px) 712px, \" \/><div class=\"fusion-rollover\">\n\t<div class=\"fusion-rollover-content\">\n\n\t\t\t\t\t\t\t\t\t\t\t\t\t\t<a class=\"fusion-rollover-link\" href=\"https:\/\/master.fundacionginer.org\/master\/2021\/08\/22\/donde-se-forman-los-decoentes-en-pandemia\/\">Donde se forman los docentes&#8230; En pandemia<\/a>\n\t\t\t\n\t\t\t\t\t\t\t\t\n\t\t\n\t\t\t\t\t\t\t\t\n\t\t\t\t\t\t\t\t\n\t\t\n\t\t\t\t\t\t<a class=\"fusion-link-wrapper\" href=\"https:\/\/master.fundacionginer.org\/master\/2021\/08\/22\/donde-se-forman-los-decoentes-en-pandemia\/\" aria-label=\"Donde se forman los docentes&#8230; En pandemia\"><\/a>\n\t<\/div>\n<\/div>\n<\/div>\n<\/li>\n\t\t\t\n\t\t\t\n\t\t\t\t\t\t\t\t\t\t\t\t\t\t\t\t\t\t\t\t\t\t\t\t\t\t\t\t\t\t\t\t\t\t\t\t\t\t\t\t\t\t\t\t\t\t\t\t\t\t\t\t\t\t\t\t\t\t\t\t\t\t\t\t\t\t\t\t<\/ul>\n\t<\/div>\n\t<div class=\"fusion-post-content-wrapper\" style=\"padding:30px 30px 20px 30px;\"><div class=\"fusion-post-content post-content\"><h2 class=\"blog-shortcode-post-title entry-title\"><a href=\"https:\/\/master.fundacionginer.org\/master\/2021\/08\/22\/donde-se-forman-los-decoentes-en-pandemia\/\">Donde se forman los docentes&#8230; En pandemia<\/a><\/h2><div class=\"fusion-post-content-container\"><p>    <\/p><\/div><\/div><\/div><div class=\"fusion-clearfix\"><\/div><\/div>\n<\/article>\n<article id=\"blog-2-post-1918\" class=\"fusion-post-grid post-1918 post type-post status-publish format-standard hentry category-noticias\">\n<div class=\"fusion-post-wrapper\" style=\"background-color:rgba(255,255,255,1);border:1px solid #ffffff;border-bottom-width:3px;\">\n\n<div class=\"fusion-post-content-wrapper\" style=\"padding:30px 30px 20px 30px;\"><div class=\"fusion-post-content post-content\"><h2 class=\"blog-shortcode-post-title entry-title\"><a href=\"https:\/\/master.fundacionginer.org\/master\/2021\/08\/20\/docentes-del-siglo-21-6\/\">Docentes del siglo 21 (6)<\/a><\/h2><div class=\"fusion-post-content-container\"><p>    <\/p><\/div><\/div><\/div><div class=\"fusion-clearfix\"><\/div><\/div>\n<\/article>\n<article id=\"blog-2-post-1913\" class=\"fusion-post-grid post-1913 post type-post status-publish format-standard hentry category-noticias\">\n<div class=\"fusion-post-wrapper\" style=\"background-color:rgba(255,255,255,1);border:1px solid #ffffff;border-bottom-width:3px;\">\n\n<div class=\"fusion-post-content-wrapper\" style=\"padding:30px 30px 20px 30px;\"><div class=\"fusion-post-content post-content\"><h2 class=\"blog-shortcode-post-title entry-title\"><a href=\"https:\/\/master.fundacionginer.org\/master\/2021\/08\/17\/docentes-del-siglo-21-5\/\">Docentes del siglo 21 (5)<\/a><\/h2><div class=\"fusion-post-content-container\"><p>    <\/p><\/div><\/div><\/div><div class=\"fusion-clearfix\"><\/div><\/div>\n<\/article>\n<div class=\"fusion-clearfix\"><\/div><\/div><div class=\"fusion-infinite-scroll-trigger\"><\/div><div class=\"pagination infinite-scroll clearfix\" style=\"display:none;\"><span class=\"current\">1<\/span><a href=\"https:\/\/master.fundacionginer.org\/master\/wp-json\/wp\/v2\/pages\/1235\/page\/2\/\" class=\"inactive\">2<\/a><a class=\"pagination-next\" rel=\"next\" href=\"https:\/\/master.fundacionginer.org\/master\/wp-json\/wp\/v2\/pages\/1235\/page\/2\/\"><span class=\"page-text\">Siguiente<\/span><span class=\"page-next\"><\/span><\/a><\/div><div class=\"fusion-clearfix\"><\/div><\/div><div class=\"fusion-clearfix\"><\/div><\/div><\/div><\/div><\/div><\/p>\n","protected":false},"excerpt":{"rendered":"","protected":false},"author":1,"featured_media":0,"parent":0,"menu_order":0,"comment_status":"closed","ping_status":"closed","template":"","meta":{"footnotes":""},"yoast_head":"<!-- This site is optimized with the Yoast SEO plugin v23.0 - https:\/\/yoast.com\/wordpress\/plugins\/seo\/ -->\n<title>Tribuna - Laboratorio de la Nueva Educaci\u00f3n<\/title>\n<meta name=\"robots\" content=\"noindex, follow, max-snippet:-1, max-image-preview:large, max-video-preview:-1\" \/>\n<meta property=\"og:locale\" content=\"es_ES\" \/>\n<meta property=\"og:type\" content=\"article\" \/>\n<meta property=\"og:title\" content=\"Tribuna - Laboratorio de la Nueva Educaci\u00f3n\" \/>\n<meta property=\"og:url\" content=\"https:\/\/master.fundacionginer.org\/master\/tribuna\/\" \/>\n<meta property=\"og:site_name\" content=\"Laboratorio de la Nueva Educaci\u00f3n\" \/>\n<meta property=\"article:modified_time\" content=\"2022-02-04T09:17:15+00:00\" \/>\n<meta name=\"twitter:card\" content=\"summary_large_image\" \/>\n<meta name=\"twitter:label1\" content=\"Tiempo de lectura\" \/>\n\t<meta name=\"twitter:data1\" content=\"5 minutos\" \/>\n<script type=\"application\/ld+json\" class=\"yoast-schema-graph\">{\"@context\":\"https:\/\/schema.org\",\"@graph\":[{\"@type\":\"WebPage\",\"@id\":\"https:\/\/master.fundacionginer.org\/master\/tribuna\/\",\"url\":\"https:\/\/master.fundacionginer.org\/master\/tribuna\/\",\"name\":\"Tribuna - Laboratorio de la Nueva Educaci\u00f3n\",\"isPartOf\":{\"@id\":\"https:\/\/master.fundacionginer.org\/master\/#website\"},\"datePublished\":\"2019-04-03T14:38:41+00:00\",\"dateModified\":\"2022-02-04T09:17:15+00:00\",\"breadcrumb\":{\"@id\":\"https:\/\/master.fundacionginer.org\/master\/tribuna\/#breadcrumb\"},\"inLanguage\":\"es\",\"potentialAction\":[{\"@type\":\"ReadAction\",\"target\":[\"https:\/\/master.fundacionginer.org\/master\/tribuna\/\"]}]},{\"@type\":\"BreadcrumbList\",\"@id\":\"https:\/\/master.fundacionginer.org\/master\/tribuna\/#breadcrumb\",\"itemListElement\":[{\"@type\":\"ListItem\",\"position\":1,\"name\":\"Portada\",\"item\":\"https:\/\/master.fundacionginer.org\/master\/\"},{\"@type\":\"ListItem\",\"position\":2,\"name\":\"Tribuna\"}]},{\"@type\":\"WebSite\",\"@id\":\"https:\/\/master.fundacionginer.org\/master\/#website\",\"url\":\"https:\/\/master.fundacionginer.org\/master\/\",\"name\":\"Laboratorio de la Nueva Educaci\u00f3n\",\"description\":\"M\u00e1ster en Innovaci\u00f3n Educativa\",\"potentialAction\":[{\"@type\":\"SearchAction\",\"target\":{\"@type\":\"EntryPoint\",\"urlTemplate\":\"https:\/\/master.fundacionginer.org\/master\/?s={search_term_string}\"},\"query-input\":\"required name=search_term_string\"}],\"inLanguage\":\"es\"}]}<\/script>\n<!-- \/ Yoast SEO plugin. -->","yoast_head_json":{"title":"Tribuna - Laboratorio de la Nueva Educaci\u00f3n","robots":{"index":"noindex","follow":"follow","max-snippet":"max-snippet:-1","max-image-preview":"max-image-preview:large","max-video-preview":"max-video-preview:-1"},"og_locale":"es_ES","og_type":"article","og_title":"Tribuna - Laboratorio de la Nueva Educaci\u00f3n","og_url":"https:\/\/master.fundacionginer.org\/master\/tribuna\/","og_site_name":"Laboratorio de la Nueva Educaci\u00f3n","article_modified_time":"2022-02-04T09:17:15+00:00","twitter_card":"summary_large_image","twitter_misc":{"Tiempo de lectura":"5 minutos"},"schema":{"@context":"https:\/\/schema.org","@graph":[{"@type":"WebPage","@id":"https:\/\/master.fundacionginer.org\/master\/tribuna\/","url":"https:\/\/master.fundacionginer.org\/master\/tribuna\/","name":"Tribuna - Laboratorio de la Nueva Educaci\u00f3n","isPartOf":{"@id":"https:\/\/master.fundacionginer.org\/master\/#website"},"datePublished":"2019-04-03T14:38:41+00:00","dateModified":"2022-02-04T09:17:15+00:00","breadcrumb":{"@id":"https:\/\/master.fundacionginer.org\/master\/tribuna\/#breadcrumb"},"inLanguage":"es","potentialAction":[{"@type":"ReadAction","target":["https:\/\/master.fundacionginer.org\/master\/tribuna\/"]}]},{"@type":"BreadcrumbList","@id":"https:\/\/master.fundacionginer.org\/master\/tribuna\/#breadcrumb","itemListElement":[{"@type":"ListItem","position":1,"name":"Portada","item":"https:\/\/master.fundacionginer.org\/master\/"},{"@type":"ListItem","position":2,"name":"Tribuna"}]},{"@type":"WebSite","@id":"https:\/\/master.fundacionginer.org\/master\/#website","url":"https:\/\/master.fundacionginer.org\/master\/","name":"Laboratorio de la Nueva Educaci\u00f3n","description":"M\u00e1ster en Innovaci\u00f3n Educativa","potentialAction":[{"@type":"SearchAction","target":{"@type":"EntryPoint","urlTemplate":"https:\/\/master.fundacionginer.org\/master\/?s={search_term_string}"},"query-input":"required name=search_term_string"}],"inLanguage":"es"}]}},"_links":{"self":[{"href":"https:\/\/master.fundacionginer.org\/master\/wp-json\/wp\/v2\/pages\/1235"}],"collection":[{"href":"https:\/\/master.fundacionginer.org\/master\/wp-json\/wp\/v2\/pages"}],"about":[{"href":"https:\/\/master.fundacionginer.org\/master\/wp-json\/wp\/v2\/types\/page"}],"author":[{"embeddable":true,"href":"https:\/\/master.fundacionginer.org\/master\/wp-json\/wp\/v2\/users\/1"}],"replies":[{"embeddable":true,"href":"https:\/\/master.fundacionginer.org\/master\/wp-json\/wp\/v2\/comments?post=1235"}],"version-history":[{"count":33,"href":"https:\/\/master.fundacionginer.org\/master\/wp-json\/wp\/v2\/pages\/1235\/revisions"}],"predecessor-version":[{"id":1964,"href":"https:\/\/master.fundacionginer.org\/master\/wp-json\/wp\/v2\/pages\/1235\/revisions\/1964"}],"wp:attachment":[{"href":"https:\/\/master.fundacionginer.org\/master\/wp-json\/wp\/v2\/media?parent=1235"}],"curies":[{"name":"wp","href":"https:\/\/api.w.org\/{rel}","templated":true}]}}