{"id":1158,"date":"2019-03-28T14:05:29","date_gmt":"2019-03-28T13:05:29","guid":{"rendered":"http:\/\/master.fundacionginer.org\/master\/?page_id=1158"},"modified":"2022-02-04T10:12:14","modified_gmt":"2022-02-04T09:12:14","slug":"calendario","status":"publish","type":"page","link":"https:\/\/master.fundacionginer.org\/master\/calendario\/","title":{"rendered":"Calendario"},"content":{"rendered":"<p><div class=\"fusion-fullwidth fullwidth-box fusion-builder-row-1 nonhundred-percent-fullwidth non-hundred-percent-height-scrolling\" style=\"--awb-border-radius-top-left:0px;--awb-border-radius-top-right:0px;--awb-border-radius-bottom-right:0px;--awb-border-radius-bottom-left:0px;--awb-margin-top:30px;--awb-flex-wrap:wrap;\" ><div class=\"fusion-builder-row fusion-row\"><div class=\"fusion-layout-column fusion_builder_column fusion-builder-column-0 fusion_builder_column_1_1 1_1 fusion-one-full fusion-column-first fusion-column-last\" style=\"--awb-bg-size:cover;\"><div class=\"fusion-column-wrapper fusion-flex-column-wrapper-legacy\"><div class=\"fusion-title title fusion-title-1 fusion-sep-none fusion-title-center fusion-title-text fusion-title-size-two\" style=\"--awb-text-color:#a00419;\"><h2 class=\"fusion-title-heading title-heading-center fusion-responsive-typography-calculated\" style=\"margin:0;--fontSize:38;line-height:1.3;\">Calendario<\/h2><\/div><div class=\"fusion-sep-clear\"><\/div><div class=\"fusion-separator\" style=\"margin-left: auto;margin-right: auto;width:100%;max-width:15%;\"><div class=\"fusion-separator-border sep-single sep-solid\" style=\"--awb-height:20px;--awb-amount:20px;--awb-sep-color:#0a0909;border-color:#0a0909;border-top-width:4px;\"><\/div><\/div><div class=\"fusion-sep-clear\"><\/div><div class=\"fusion-clearfix\"><\/div><\/div><\/div><\/div><\/div><div class=\"fusion-fullwidth fullwidth-box fusion-builder-row-2 nonhundred-percent-fullwidth non-hundred-percent-height-scrolling\" style=\"--awb-border-radius-top-left:0px;--awb-border-radius-top-right:0px;--awb-border-radius-bottom-right:0px;--awb-border-radius-bottom-left:0px;--awb-margin-top:50px;--awb-flex-wrap:wrap;\" ><div class=\"fusion-builder-row fusion-row\"><div class=\"fusion-layout-column fusion_builder_column fusion-builder-column-1 fusion_builder_column_1_2 1_2 fusion-one-half fusion-column-first\" style=\"--awb-bg-size:cover;width:50%;width:calc(50% - ( ( 4% ) * 0.5 ) );margin-right: 4%;\"><div class=\"fusion-column-wrapper fusion-flex-column-wrapper-legacy\"><div class=\"fusion-text fusion-text-1\"><p>El programa se desarrolla entre octubre de 2022 y octubre de 2023. El periodo lectivo acaba en junio de 2023. El programa incluye actividades presenciales (en la modalidad semipresencial), actividades online, visitas, pr\u00e1cticas, tutor\u00eda y trabajo personal, que suponen para el alumnado un total de 1.500 horas para el M\u00e1ster, 900 h. para el diploma de Especializaci\u00f3n y 600 h. para el diploma de Experto.<\/p>\n<p>Las actividades presenciales tendr\u00e1n lugar los viernes por la tarde (18 \u2013 21 h.), y los s\u00e1bados por la ma\u00f1ana (10 \u2013 14 h.). Algunas actividades podr\u00e1n celebrarse fuera de este horario.<\/p>\n<\/div><div class=\"fusion-clearfix\"><\/div><\/div><\/div><div class=\"fusion-layout-column fusion_builder_column fusion-builder-column-2 fusion_builder_column_1_2 1_2 fusion-one-half fusion-column-last\" style=\"--awb-bg-size:cover;width:50%;width:calc(50% - ( ( 4% ) * 0.5 ) );\"><div class=\"fusion-column-wrapper fusion-flex-column-wrapper-legacy\"><div class=\"fusion-image-element in-legacy-container\" style=\"--awb-caption-title-font-family:var(--h2_typography-font-family);--awb-caption-title-font-weight:var(--h2_typography-font-weight);--awb-caption-title-font-style:var(--h2_typography-font-style);--awb-caption-title-size:var(--h2_typography-font-size);--awb-caption-title-transform:var(--h2_typography-text-transform);--awb-caption-title-line-height:var(--h2_typography-line-height);--awb-caption-title-letter-spacing:var(--h2_typography-letter-spacing);\"><span class=\" fusion-imageframe imageframe-none imageframe-1 hover-type-none\"><img decoding=\"async\" width=\"600\" height=\"400\" title=\"foto14\" src=\"http:\/\/master.fundacionginer.org\/master\/wp-content\/uploads\/2019\/04\/foto14.jpg\" alt class=\"img-responsive wp-image-1424\" srcset=\"https:\/\/master.fundacionginer.org\/master\/wp-content\/uploads\/2019\/04\/foto14-200x133.jpg 200w, https:\/\/master.fundacionginer.org\/master\/wp-content\/uploads\/2019\/04\/foto14-400x267.jpg 400w, https:\/\/master.fundacionginer.org\/master\/wp-content\/uploads\/2019\/04\/foto14.jpg 600w\" sizes=\"(max-width: 800px) 100vw, 600px\" \/><\/span><\/div><div class=\"fusion-clearfix\"><\/div><\/div><\/div><\/div><\/div><\/p>\n","protected":false},"excerpt":{"rendered":"","protected":false},"author":1,"featured_media":0,"parent":0,"menu_order":0,"comment_status":"closed","ping_status":"closed","template":"","meta":{"footnotes":""},"yoast_head":"<!-- This site is optimized with the Yoast SEO plugin v23.0 - https:\/\/yoast.com\/wordpress\/plugins\/seo\/ -->\n<title>Calendario - Laboratorio de la Nueva Educaci\u00f3n<\/title>\n<meta name=\"robots\" content=\"noindex, follow, max-snippet:-1, max-image-preview:large, max-video-preview:-1\" \/>\n<meta property=\"og:locale\" content=\"es_ES\" \/>\n<meta property=\"og:type\" content=\"article\" \/>\n<meta property=\"og:title\" content=\"Calendario - Laboratorio de la Nueva Educaci\u00f3n\" \/>\n<meta property=\"og:url\" content=\"https:\/\/master.fundacionginer.org\/master\/calendario\/\" \/>\n<meta property=\"og:site_name\" content=\"Laboratorio de la Nueva Educaci\u00f3n\" \/>\n<meta property=\"article:modified_time\" content=\"2022-02-04T09:12:14+00:00\" \/>\n<meta name=\"twitter:card\" content=\"summary_large_image\" \/>\n<meta name=\"twitter:label1\" content=\"Tiempo de lectura\" \/>\n\t<meta name=\"twitter:data1\" content=\"3 minutos\" \/>\n<script type=\"application\/ld+json\" class=\"yoast-schema-graph\">{\"@context\":\"https:\/\/schema.org\",\"@graph\":[{\"@type\":\"WebPage\",\"@id\":\"https:\/\/master.fundacionginer.org\/master\/calendario\/\",\"url\":\"https:\/\/master.fundacionginer.org\/master\/calendario\/\",\"name\":\"Calendario - Laboratorio de la Nueva Educaci\u00f3n\",\"isPartOf\":{\"@id\":\"https:\/\/master.fundacionginer.org\/master\/#website\"},\"datePublished\":\"2019-03-28T13:05:29+00:00\",\"dateModified\":\"2022-02-04T09:12:14+00:00\",\"breadcrumb\":{\"@id\":\"https:\/\/master.fundacionginer.org\/master\/calendario\/#breadcrumb\"},\"inLanguage\":\"es\",\"potentialAction\":[{\"@type\":\"ReadAction\",\"target\":[\"https:\/\/master.fundacionginer.org\/master\/calendario\/\"]}]},{\"@type\":\"BreadcrumbList\",\"@id\":\"https:\/\/master.fundacionginer.org\/master\/calendario\/#breadcrumb\",\"itemListElement\":[{\"@type\":\"ListItem\",\"position\":1,\"name\":\"Portada\",\"item\":\"https:\/\/master.fundacionginer.org\/master\/\"},{\"@type\":\"ListItem\",\"position\":2,\"name\":\"Calendario\"}]},{\"@type\":\"WebSite\",\"@id\":\"https:\/\/master.fundacionginer.org\/master\/#website\",\"url\":\"https:\/\/master.fundacionginer.org\/master\/\",\"name\":\"Laboratorio de la Nueva Educaci\u00f3n\",\"description\":\"M\u00e1ster en Innovaci\u00f3n Educativa\",\"potentialAction\":[{\"@type\":\"SearchAction\",\"target\":{\"@type\":\"EntryPoint\",\"urlTemplate\":\"https:\/\/master.fundacionginer.org\/master\/?s={search_term_string}\"},\"query-input\":\"required name=search_term_string\"}],\"inLanguage\":\"es\"}]}<\/script>\n<!-- \/ Yoast SEO plugin. -->","yoast_head_json":{"title":"Calendario - Laboratorio de la Nueva Educaci\u00f3n","robots":{"index":"noindex","follow":"follow","max-snippet":"max-snippet:-1","max-image-preview":"max-image-preview:large","max-video-preview":"max-video-preview:-1"},"og_locale":"es_ES","og_type":"article","og_title":"Calendario - Laboratorio de la Nueva Educaci\u00f3n","og_url":"https:\/\/master.fundacionginer.org\/master\/calendario\/","og_site_name":"Laboratorio de la Nueva Educaci\u00f3n","article_modified_time":"2022-02-04T09:12:14+00:00","twitter_card":"summary_large_image","twitter_misc":{"Tiempo de lectura":"3 minutos"},"schema":{"@context":"https:\/\/schema.org","@graph":[{"@type":"WebPage","@id":"https:\/\/master.fundacionginer.org\/master\/calendario\/","url":"https:\/\/master.fundacionginer.org\/master\/calendario\/","name":"Calendario - Laboratorio de la Nueva Educaci\u00f3n","isPartOf":{"@id":"https:\/\/master.fundacionginer.org\/master\/#website"},"datePublished":"2019-03-28T13:05:29+00:00","dateModified":"2022-02-04T09:12:14+00:00","breadcrumb":{"@id":"https:\/\/master.fundacionginer.org\/master\/calendario\/#breadcrumb"},"inLanguage":"es","potentialAction":[{"@type":"ReadAction","target":["https:\/\/master.fundacionginer.org\/master\/calendario\/"]}]},{"@type":"BreadcrumbList","@id":"https:\/\/master.fundacionginer.org\/master\/calendario\/#breadcrumb","itemListElement":[{"@type":"ListItem","position":1,"name":"Portada","item":"https:\/\/master.fundacionginer.org\/master\/"},{"@type":"ListItem","position":2,"name":"Calendario"}]},{"@type":"WebSite","@id":"https:\/\/master.fundacionginer.org\/master\/#website","url":"https:\/\/master.fundacionginer.org\/master\/","name":"Laboratorio de la Nueva Educaci\u00f3n","description":"M\u00e1ster en Innovaci\u00f3n Educativa","potentialAction":[{"@type":"SearchAction","target":{"@type":"EntryPoint","urlTemplate":"https:\/\/master.fundacionginer.org\/master\/?s={search_term_string}"},"query-input":"required name=search_term_string"}],"inLanguage":"es"}]}},"_links":{"self":[{"href":"https:\/\/master.fundacionginer.org\/master\/wp-json\/wp\/v2\/pages\/1158"}],"collection":[{"href":"https:\/\/master.fundacionginer.org\/master\/wp-json\/wp\/v2\/pages"}],"about":[{"href":"https:\/\/master.fundacionginer.org\/master\/wp-json\/wp\/v2\/types\/page"}],"author":[{"embeddable":true,"href":"https:\/\/master.fundacionginer.org\/master\/wp-json\/wp\/v2\/users\/1"}],"replies":[{"embeddable":true,"href":"https:\/\/master.fundacionginer.org\/master\/wp-json\/wp\/v2\/comments?post=1158"}],"version-history":[{"count":10,"href":"https:\/\/master.fundacionginer.org\/master\/wp-json\/wp\/v2\/pages\/1158\/revisions"}],"predecessor-version":[{"id":1963,"href":"https:\/\/master.fundacionginer.org\/master\/wp-json\/wp\/v2\/pages\/1158\/revisions\/1963"}],"wp:attachment":[{"href":"https:\/\/master.fundacionginer.org\/master\/wp-json\/wp\/v2\/media?parent=1158"}],"curies":[{"name":"wp","href":"https:\/\/api.w.org\/{rel}","templated":true}]}}