{"id":1150,"date":"2019-03-28T13:55:04","date_gmt":"2019-03-28T12:55:04","guid":{"rendered":"http:\/\/master.fundacionginer.org\/master\/?page_id=1150"},"modified":"2022-06-06T18:02:02","modified_gmt":"2022-06-06T16:02:02","slug":"plazas-y-precios","status":"publish","type":"page","link":"https:\/\/master.fundacionginer.org\/master\/plazas-y-precios\/","title":{"rendered":"PLAZAS Y PRECIOS"},"content":{"rendered":"<p><div class=\"fusion-fullwidth fullwidth-box fusion-builder-row-1 nonhundred-percent-fullwidth non-hundred-percent-height-scrolling\" style=\"--awb-border-radius-top-left:0px;--awb-border-radius-top-right:0px;--awb-border-radius-bottom-right:0px;--awb-border-radius-bottom-left:0px;--awb-margin-top:30px;--awb-flex-wrap:wrap;\" ><div class=\"fusion-builder-row fusion-row\"><div class=\"fusion-layout-column fusion_builder_column fusion-builder-column-0 fusion_builder_column_1_1 1_1 fusion-one-full fusion-column-first fusion-column-last\" style=\"--awb-bg-size:cover;\"><div class=\"fusion-column-wrapper fusion-flex-column-wrapper-legacy\"><div class=\"fusion-title title fusion-title-1 fusion-sep-none fusion-title-center fusion-title-text fusion-title-size-two\" style=\"--awb-text-color:#a00419;\"><h2 class=\"fusion-title-heading title-heading-center fusion-responsive-typography-calculated\" style=\"margin:0;--fontSize:38;line-height:1.3;\">Plazas y precios<\/h2><\/div><div class=\"fusion-sep-clear\"><\/div><div class=\"fusion-separator\" style=\"margin-left: auto;margin-right: auto;width:100%;max-width:15%;\"><div class=\"fusion-separator-border sep-single sep-solid\" style=\"--awb-height:20px;--awb-amount:20px;--awb-sep-color:#0a0909;border-color:#0a0909;border-top-width:4px;\"><\/div><\/div><div class=\"fusion-sep-clear\"><\/div><div class=\"fusion-clearfix\"><\/div><\/div><\/div><\/div><\/div><div class=\"fusion-fullwidth fullwidth-box fusion-builder-row-2 nonhundred-percent-fullwidth non-hundred-percent-height-scrolling\" style=\"--awb-border-radius-top-left:0px;--awb-border-radius-top-right:0px;--awb-border-radius-bottom-right:0px;--awb-border-radius-bottom-left:0px;--awb-flex-wrap:wrap;\" ><div class=\"fusion-builder-row fusion-row\"><div class=\"fusion-layout-column fusion_builder_column fusion-builder-column-1 fusion_builder_column_1_1 1_1 fusion-one-full fusion-column-first fusion-column-last\" style=\"--awb-bg-size:cover;\"><div class=\"fusion-column-wrapper fusion-flex-column-wrapper-legacy\"><div class=\"fusion-text fusion-text-1\"><p>En la modalidad semipresencial se ofertan\u00a0<strong>40 plazas<\/strong>.<\/p>\n<\/div><ul style=\"--awb-line-height:30.6px;--awb-icon-width:30.6px;--awb-icon-height:30.6px;--awb-icon-margin:12.6px;--awb-content-margin:43.2px;--awb-circlecolor:#a00419;--awb-circle-yes-font-size:15.84px;\" class=\"fusion-checklist fusion-checklist-1 fusion-checklist-default type-icons border-list\" id=\"marg-padd-list\"><li class=\"fusion-li-item\" style=\"\"><span class=\"icon-wrapper circle-yes\"><i class=\"fusion-li-icon awb-icon-check\" aria-hidden=\"true\"><\/i><\/span><div class=\"fusion-li-item-content\">\n<p>M\u00e1ster (60 cr\u00e9ditos): 5.500 euros<\/p>\n<ul>\n<li>Se ofrecen ayudas de 1.000 euros para las inscripciones al M\u00e1ster hasta el 30 de junio.<\/li>\n<\/ul>\n<\/div><\/li><li class=\"fusion-li-item\" style=\"\"><span class=\"icon-wrapper circle-yes\"><i class=\"fusion-li-icon awb-icon-check\" aria-hidden=\"true\"><\/i><\/span><div class=\"fusion-li-item-content\">\n<p>Diploma de Especializaci\u00f3n (36 cr\u00e9ditos): 3.500 euros<\/p>\n<\/div><\/li><li class=\"fusion-li-item\" style=\"\"><span class=\"icon-wrapper circle-yes\"><i class=\"fusion-li-icon awb-icon-check\" aria-hidden=\"true\"><\/i><\/span><div class=\"fusion-li-item-content\">\n<p>Diploma de Experto (24 cr\u00e9ditos): 3.000 euros<\/p>\n<\/div><\/li><\/ul><div class=\"fusion-clearfix\"><\/div><\/div><\/div><\/div><\/div><div class=\"fusion-fullwidth fullwidth-box fusion-builder-row-3 nonhundred-percent-fullwidth non-hundred-percent-height-scrolling\" style=\"--awb-border-radius-top-left:0px;--awb-border-radius-top-right:0px;--awb-border-radius-bottom-right:0px;--awb-border-radius-bottom-left:0px;--awb-flex-wrap:wrap;\" ><div class=\"fusion-builder-row fusion-row\"><div class=\"fusion-layout-column fusion_builder_column fusion-builder-column-2 fusion_builder_column_1_1 1_1 fusion-one-full fusion-column-first fusion-column-last\" style=\"--awb-bg-size:cover;\"><div class=\"fusion-column-wrapper fusion-flex-column-wrapper-legacy\"><div class=\"fusion-text fusion-text-2\"><p>El\u00a0<strong>pago de la matr\u00edcula\u00a0<\/strong>se podr\u00e1 fraccionar en varios plazos distribuidos de la siguiente manera:<\/p>\n<\/div><ul style=\"--awb-line-height:30.6px;--awb-icon-width:30.6px;--awb-icon-height:30.6px;--awb-icon-margin:12.6px;--awb-content-margin:43.2px;--awb-circlecolor:#a00419;--awb-circle-yes-font-size:15.84px;\" class=\"fusion-checklist fusion-checklist-2 fusion-checklist-default type-icons border-list\" id=\"marg-padd-list\"><li class=\"fusion-li-item\" style=\"\"><span class=\"icon-wrapper circle-yes\"><i class=\"fusion-li-icon awb-icon-check\" aria-hidden=\"true\"><\/i><\/span><div class=\"fusion-li-item-content\">\n<p>Una vez que se le haya notificado por escrito su admisi\u00f3n, el candidato deber\u00e1 ingresar la cantidad de 1.000\u20ac como pago del <b>primer plazo y reserva de plaza.<\/b><\/p>\n<\/div><\/li><li class=\"fusion-li-item\" style=\"\"><span class=\"icon-wrapper circle-yes\"><i class=\"fusion-li-icon awb-icon-check\" aria-hidden=\"true\"><\/i><\/span><div class=\"fusion-li-item-content\">\n<p><strong>Segundo plazo<\/strong>, por importe de 2.250\u20ac, antes del 31 de octubre.<\/p>\n<\/div><\/li><li class=\"fusion-li-item\" style=\"\"><span class=\"icon-wrapper circle-yes\"><i class=\"fusion-li-icon awb-icon-check\" aria-hidden=\"true\"><\/i><\/span><div class=\"fusion-li-item-content\">\n<p><strong>Tercer plazo<\/strong>, por importe de 2.250\u20ac, antes del 15 de marzo.<\/p>\n<\/div><\/li><\/ul><div class=\"fusion-text fusion-text-3\"><p>S\u00f3lo se podr\u00e1 solicitar la devoluci\u00f3n de los derechos de reserva de plaza, en el supuesto de imposibilidad de asistencia por causa de enfermedad grave justificada u otro motivo sobrevenido de equiparable gravedad, as\u00ed como por causa de fuerza mayor.<\/p>\n<\/div><div class=\"fusion-clearfix\"><\/div><\/div><\/div><\/div><\/div><\/p>\n","protected":false},"excerpt":{"rendered":"","protected":false},"author":1,"featured_media":0,"parent":0,"menu_order":0,"comment_status":"closed","ping_status":"closed","template":"","meta":{"footnotes":""},"yoast_head":"<!-- This site is optimized with the Yoast SEO plugin v23.0 - https:\/\/yoast.com\/wordpress\/plugins\/seo\/ -->\n<title>PLAZAS Y PRECIOS - Laboratorio de la Nueva Educaci\u00f3n<\/title>\n<meta name=\"robots\" content=\"noindex, follow, max-snippet:-1, max-image-preview:large, max-video-preview:-1\" \/>\n<meta property=\"og:locale\" content=\"es_ES\" \/>\n<meta property=\"og:type\" content=\"article\" \/>\n<meta property=\"og:title\" content=\"PLAZAS Y PRECIOS - Laboratorio de la Nueva Educaci\u00f3n\" \/>\n<meta property=\"og:url\" content=\"https:\/\/master.fundacionginer.org\/master\/plazas-y-precios\/\" \/>\n<meta property=\"og:site_name\" content=\"Laboratorio de la Nueva Educaci\u00f3n\" \/>\n<meta property=\"article:modified_time\" content=\"2022-06-06T16:02:02+00:00\" \/>\n<meta name=\"twitter:card\" content=\"summary_large_image\" \/>\n<meta name=\"twitter:label1\" content=\"Tiempo de lectura\" \/>\n\t<meta name=\"twitter:data1\" content=\"3 minutos\" \/>\n<script type=\"application\/ld+json\" class=\"yoast-schema-graph\">{\"@context\":\"https:\/\/schema.org\",\"@graph\":[{\"@type\":\"WebPage\",\"@id\":\"https:\/\/master.fundacionginer.org\/master\/plazas-y-precios\/\",\"url\":\"https:\/\/master.fundacionginer.org\/master\/plazas-y-precios\/\",\"name\":\"PLAZAS Y PRECIOS - Laboratorio de la Nueva Educaci\u00f3n\",\"isPartOf\":{\"@id\":\"https:\/\/master.fundacionginer.org\/master\/#website\"},\"datePublished\":\"2019-03-28T12:55:04+00:00\",\"dateModified\":\"2022-06-06T16:02:02+00:00\",\"breadcrumb\":{\"@id\":\"https:\/\/master.fundacionginer.org\/master\/plazas-y-precios\/#breadcrumb\"},\"inLanguage\":\"es\",\"potentialAction\":[{\"@type\":\"ReadAction\",\"target\":[\"https:\/\/master.fundacionginer.org\/master\/plazas-y-precios\/\"]}]},{\"@type\":\"BreadcrumbList\",\"@id\":\"https:\/\/master.fundacionginer.org\/master\/plazas-y-precios\/#breadcrumb\",\"itemListElement\":[{\"@type\":\"ListItem\",\"position\":1,\"name\":\"Portada\",\"item\":\"https:\/\/master.fundacionginer.org\/master\/\"},{\"@type\":\"ListItem\",\"position\":2,\"name\":\"PLAZAS Y PRECIOS\"}]},{\"@type\":\"WebSite\",\"@id\":\"https:\/\/master.fundacionginer.org\/master\/#website\",\"url\":\"https:\/\/master.fundacionginer.org\/master\/\",\"name\":\"Laboratorio de la Nueva Educaci\u00f3n\",\"description\":\"M\u00e1ster en Innovaci\u00f3n Educativa\",\"potentialAction\":[{\"@type\":\"SearchAction\",\"target\":{\"@type\":\"EntryPoint\",\"urlTemplate\":\"https:\/\/master.fundacionginer.org\/master\/?s={search_term_string}\"},\"query-input\":\"required name=search_term_string\"}],\"inLanguage\":\"es\"}]}<\/script>\n<!-- \/ Yoast SEO plugin. -->","yoast_head_json":{"title":"PLAZAS Y PRECIOS - Laboratorio de la Nueva Educaci\u00f3n","robots":{"index":"noindex","follow":"follow","max-snippet":"max-snippet:-1","max-image-preview":"max-image-preview:large","max-video-preview":"max-video-preview:-1"},"og_locale":"es_ES","og_type":"article","og_title":"PLAZAS Y PRECIOS - Laboratorio de la Nueva Educaci\u00f3n","og_url":"https:\/\/master.fundacionginer.org\/master\/plazas-y-precios\/","og_site_name":"Laboratorio de la Nueva Educaci\u00f3n","article_modified_time":"2022-06-06T16:02:02+00:00","twitter_card":"summary_large_image","twitter_misc":{"Tiempo de lectura":"3 minutos"},"schema":{"@context":"https:\/\/schema.org","@graph":[{"@type":"WebPage","@id":"https:\/\/master.fundacionginer.org\/master\/plazas-y-precios\/","url":"https:\/\/master.fundacionginer.org\/master\/plazas-y-precios\/","name":"PLAZAS Y PRECIOS - Laboratorio de la Nueva Educaci\u00f3n","isPartOf":{"@id":"https:\/\/master.fundacionginer.org\/master\/#website"},"datePublished":"2019-03-28T12:55:04+00:00","dateModified":"2022-06-06T16:02:02+00:00","breadcrumb":{"@id":"https:\/\/master.fundacionginer.org\/master\/plazas-y-precios\/#breadcrumb"},"inLanguage":"es","potentialAction":[{"@type":"ReadAction","target":["https:\/\/master.fundacionginer.org\/master\/plazas-y-precios\/"]}]},{"@type":"BreadcrumbList","@id":"https:\/\/master.fundacionginer.org\/master\/plazas-y-precios\/#breadcrumb","itemListElement":[{"@type":"ListItem","position":1,"name":"Portada","item":"https:\/\/master.fundacionginer.org\/master\/"},{"@type":"ListItem","position":2,"name":"PLAZAS Y PRECIOS"}]},{"@type":"WebSite","@id":"https:\/\/master.fundacionginer.org\/master\/#website","url":"https:\/\/master.fundacionginer.org\/master\/","name":"Laboratorio de la Nueva Educaci\u00f3n","description":"M\u00e1ster en Innovaci\u00f3n Educativa","potentialAction":[{"@type":"SearchAction","target":{"@type":"EntryPoint","urlTemplate":"https:\/\/master.fundacionginer.org\/master\/?s={search_term_string}"},"query-input":"required name=search_term_string"}],"inLanguage":"es"}]}},"_links":{"self":[{"href":"https:\/\/master.fundacionginer.org\/master\/wp-json\/wp\/v2\/pages\/1150"}],"collection":[{"href":"https:\/\/master.fundacionginer.org\/master\/wp-json\/wp\/v2\/pages"}],"about":[{"href":"https:\/\/master.fundacionginer.org\/master\/wp-json\/wp\/v2\/types\/page"}],"author":[{"embeddable":true,"href":"https:\/\/master.fundacionginer.org\/master\/wp-json\/wp\/v2\/users\/1"}],"replies":[{"embeddable":true,"href":"https:\/\/master.fundacionginer.org\/master\/wp-json\/wp\/v2\/comments?post=1150"}],"version-history":[{"count":21,"href":"https:\/\/master.fundacionginer.org\/master\/wp-json\/wp\/v2\/pages\/1150\/revisions"}],"predecessor-version":[{"id":1999,"href":"https:\/\/master.fundacionginer.org\/master\/wp-json\/wp\/v2\/pages\/1150\/revisions\/1999"}],"wp:attachment":[{"href":"https:\/\/master.fundacionginer.org\/master\/wp-json\/wp\/v2\/media?parent=1150"}],"curies":[{"name":"wp","href":"https:\/\/api.w.org\/{rel}","templated":true}]}}